{"id":14,"date":"2022-09-20T15:56:24","date_gmt":"2022-09-20T13:56:24","guid":{"rendered":"http:\/\/gbrlcbrl.fr\/portfolio\/\/?page_id=14"},"modified":"2025-11-01T18:01:42","modified_gmt":"2025-11-01T17:01:42","slug":"cv-resume","status":"publish","type":"page","link":"https:\/\/gbrlcbrl.fr\/portfolio\/cv-resume\/","title":{"rendered":"\u00c0 propos"},"content":{"rendered":"\n<div class=\"wp-block-media-text alignwide is-stacked-on-mobile\"><figure class=\"wp-block-media-text__media\"><img loading=\"lazy\" decoding=\"async\" width=\"1200\" height=\"1200\" src=\"https:\/\/gbrlcbrl.fr\/portfolio\/\/wp-content\/uploads\/2022\/09\/Avatar-icone-copie-1.png\" alt=\"\" class=\"wp-image-243 size-full\" srcset=\"https:\/\/gbrlcbrl.fr\/portfolio\/wp-content\/uploads\/2022\/09\/Avatar-icone-copie-1.png 1200w, https:\/\/gbrlcbrl.fr\/portfolio\/wp-content\/uploads\/2022\/09\/Avatar-icone-copie-1-1000x1000.png 1000w, https:\/\/gbrlcbrl.fr\/portfolio\/wp-content\/uploads\/2022\/09\/Avatar-icone-copie-1-300x300.png 300w, https:\/\/gbrlcbrl.fr\/portfolio\/wp-content\/uploads\/2022\/09\/Avatar-icone-copie-1-768x768.png 768w, https:\/\/gbrlcbrl.fr\/portfolio\/wp-content\/uploads\/2022\/09\/Avatar-icone-copie-1-1536x1536.png 1536w, https:\/\/gbrlcbrl.fr\/portfolio\/wp-content\/uploads\/2022\/09\/Avatar-icone-copie-1-500x500.png 500w, https:\/\/gbrlcbrl.fr\/portfolio\/wp-content\/uploads\/2022\/09\/Avatar-icone-copie-1-800x800.png 800w, https:\/\/gbrlcbrl.fr\/portfolio\/wp-content\/uploads\/2022\/09\/Avatar-icone-copie-1-1280x1280.png 1280w\" sizes=\"auto, (max-width: 1200px) 100vw, 1200px\" \/><\/figure><div class=\"wp-block-media-text__content\">\n<p>Mon nom : Gabriel.<br>Derni\u00e8re mission en date : <strong>20, All\u00e9e de la Danse<\/strong> (Cottonwood Media).<br>J&rsquo;ai travaill\u00e9 sur <strong>Foot2Rue<\/strong> S5 et <strong>Totally Spies<\/strong> S7 (<em>Monello) <\/em>ainsi que sur <strong>Bitmuch <\/strong>S2 (Melting Prod) en tant que storyboard artist. Passionn\u00e9 de narration et de mise en sc\u00e8ne, je cherche du travail en tant que <strong>Storyboarder<\/strong>.<br>Je travaille principalement avec les logiciels <strong>Storyboard Pro, Photoshop et Blender.  <\/strong>Accessoirement, je fais des p\u00e2tisseries et je suis m\u00e9ga sympa. N&rsquo;h\u00e9sitez pas \u00e0 faire appel \u00e0 moi !<\/p>\n\n\n\n<p class=\"has-ast-global-color-6-color has-text-color has-link-color wp-elements-85b9e677416b7d0fe2b62cdf9002ae66\">\ud83c\uddec\ud83c\udde7 \/\/ Hi ! I&rsquo;m Gabriel, a story artist based in Paris. I&rsquo;m interested in working on every kind of project and genre, feel free to contact me !<br><br><\/p>\n\n\n\n<hr class=\"wp-block-separator has-text-color has-ast-global-color-4-color has-alpha-channel-opacity has-ast-global-color-4-background-color has-background is-style-wide\"\/>\n\n\n\n<ul class=\"wp-block-social-links has-normal-icon-size is-style-default is-layout-flex wp-block-social-links-is-layout-flex\"><li class=\"wp-social-link wp-social-link-linkedin  wp-block-social-link\"><a rel=\"noopener nofollow\" target=\"_blank\" href=\"https:\/\/www.linkedin.com\/in\/gbrlcbrl\/\" class=\"wp-block-social-link-anchor\"><svg width=\"24\" height=\"24\" viewBox=\"0 0 24 24\" version=\"1.1\" xmlns=\"http:\/\/www.w3.org\/2000\/svg\" aria-hidden=\"true\" focusable=\"false\"><path d=\"M19.7,3H4.3C3.582,3,3,3.582,3,4.3v15.4C3,20.418,3.582,21,4.3,21h15.4c0.718,0,1.3-0.582,1.3-1.3V4.3 C21,3.582,20.418,3,19.7,3z M8.339,18.338H5.667v-8.59h2.672V18.338z M7.004,8.574c-0.857,0-1.549-0.694-1.549-1.548 c0-0.855,0.691-1.548,1.549-1.548c0.854,0,1.547,0.694,1.547,1.548C8.551,7.881,7.858,8.574,7.004,8.574z M18.339,18.338h-2.669 v-4.177c0-0.996-0.017-2.278-1.387-2.278c-1.389,0-1.601,1.086-1.601,2.206v4.249h-2.667v-8.59h2.559v1.174h0.037 c0.356-0.675,1.227-1.387,2.526-1.387c2.703,0,3.203,1.779,3.203,4.092V18.338z\"><\/path><\/svg><span class=\"wp-block-social-link-label screen-reader-text\">LinkedIn<\/span><\/a><\/li>\n\n<li class=\"wp-social-link wp-social-link-instagram  wp-block-social-link\"><a rel=\"noopener nofollow\" target=\"_blank\" href=\"https:\/\/www.instagram.com\/kelsius_\/\" class=\"wp-block-social-link-anchor\"><svg width=\"24\" height=\"24\" viewBox=\"0 0 24 24\" version=\"1.1\" xmlns=\"http:\/\/www.w3.org\/2000\/svg\" aria-hidden=\"true\" focusable=\"false\"><path d=\"M12,4.622c2.403,0,2.688,0.009,3.637,0.052c0.877,0.04,1.354,0.187,1.671,0.31c0.42,0.163,0.72,0.358,1.035,0.673 c0.315,0.315,0.51,0.615,0.673,1.035c0.123,0.317,0.27,0.794,0.31,1.671c0.043,0.949,0.052,1.234,0.052,3.637 s-0.009,2.688-0.052,3.637c-0.04,0.877-0.187,1.354-0.31,1.671c-0.163,0.42-0.358,0.72-0.673,1.035 c-0.315,0.315-0.615,0.51-1.035,0.673c-0.317,0.123-0.794,0.27-1.671,0.31c-0.949,0.043-1.233,0.052-3.637,0.052 s-2.688-0.009-3.637-0.052c-0.877-0.04-1.354-0.187-1.671-0.31c-0.42-0.163-0.72-0.358-1.035-0.673 c-0.315-0.315-0.51-0.615-0.673-1.035c-0.123-0.317-0.27-0.794-0.31-1.671C4.631,14.688,4.622,14.403,4.622,12 s0.009-2.688,0.052-3.637c0.04-0.877,0.187-1.354,0.31-1.671c0.163-0.42,0.358-0.72,0.673-1.035 c0.315-0.315,0.615-0.51,1.035-0.673c0.317-0.123,0.794-0.27,1.671-0.31C9.312,4.631,9.597,4.622,12,4.622 M12,3 C9.556,3,9.249,3.01,8.289,3.054C7.331,3.098,6.677,3.25,6.105,3.472C5.513,3.702,5.011,4.01,4.511,4.511 c-0.5,0.5-0.808,1.002-1.038,1.594C3.25,6.677,3.098,7.331,3.054,8.289C3.01,9.249,3,9.556,3,12c0,2.444,0.01,2.751,0.054,3.711 c0.044,0.958,0.196,1.612,0.418,2.185c0.23,0.592,0.538,1.094,1.038,1.594c0.5,0.5,1.002,0.808,1.594,1.038 c0.572,0.222,1.227,0.375,2.185,0.418C9.249,20.99,9.556,21,12,21s2.751-0.01,3.711-0.054c0.958-0.044,1.612-0.196,2.185-0.418 c0.592-0.23,1.094-0.538,1.594-1.038c0.5-0.5,0.808-1.002,1.038-1.594c0.222-0.572,0.375-1.227,0.418-2.185 C20.99,14.751,21,14.444,21,12s-0.01-2.751-0.054-3.711c-0.044-0.958-0.196-1.612-0.418-2.185c-0.23-0.592-0.538-1.094-1.038-1.594 c-0.5-0.5-1.002-0.808-1.594-1.038c-0.572-0.222-1.227-0.375-2.185-0.418C14.751,3.01,14.444,3,12,3L12,3z M12,7.378 c-2.552,0-4.622,2.069-4.622,4.622S9.448,16.622,12,16.622s4.622-2.069,4.622-4.622S14.552,7.378,12,7.378z M12,15 c-1.657,0-3-1.343-3-3s1.343-3,3-3s3,1.343,3,3S13.657,15,12,15z M16.804,6.116c-0.596,0-1.08,0.484-1.08,1.08 s0.484,1.08,1.08,1.08c0.596,0,1.08-0.484,1.08-1.08S17.401,6.116,16.804,6.116z\"><\/path><\/svg><span class=\"wp-block-social-link-label screen-reader-text\">Instagram<\/span><\/a><\/li><\/ul>\n\n\n\n<div class=\"wp-block-buttons is-layout-flex wp-block-buttons-is-layout-flex\"><\/div>\n\n\n\n<div class=\"wp-block-buttons is-layout-flex wp-block-buttons-is-layout-flex\">\n<div class=\"wp-block-button\"><a class=\"wp-block-button__link wp-element-button\" href=\"https:\/\/drive.google.com\/file\/d\/1tlPkP9RcV5Gwz9XBjCpyknyPeg1_GwKp\/view\" target=\"_blank\" rel=\"noreferrer noopener\">CV (FR)<\/a><\/div>\n\n\n\n<div class=\"wp-block-button\"><a class=\"wp-block-button__link wp-element-button\" href=\"https:\/\/drive.google.com\/file\/d\/1-VVnb-C9b4U2OxTShxXokp_TBBJTSKrL\/view?usp=sharing\" target=\"_blank\" rel=\"noreferrer noopener\">Resume (EN)<\/a><\/div>\n\n\n\n<div class=\"wp-block-button\"><a class=\"wp-block-button__link wp-element-button\" href=\"cabrol.gabriel@gmail.com\" target=\"_blank\" rel=\"noreferrer noopener\">Email<\/a><\/div>\n<\/div>\n<\/div><\/div>\n\n\n\n<p><\/p>\n\n\n\n<p><\/p>\n\n\n\n<p><\/p>\n\n\n\n<p><\/p>\n\n\n\n<div class=\"wp-block-group is-layout-constrained wp-container-core-group-is-layout-7c2bf522 wp-block-group-is-layout-constrained\" style=\"margin-top:var(--wp--preset--spacing--30);margin-bottom:var(--wp--preset--spacing--30);padding-top:0;padding-right:0;padding-bottom:0;padding-left:0\"><div class=\"wp-block-visual-portfolio alignwide\">\n<div class=\"vp-portfolio vp-uid-4c68eae7 vp-id-2ikR4a\"\n\tdata-vp-layout=\"tiles\" data-vp-content-source=\"images\" data-vp-items-style=\"fade\" data-vp-items-click-action=\"url\" data-vp-items-gap=\"30\" data-vp-items-gap-vertical=\"\" data-vp-pagination=\"load-more\" data-vp-next-page-url=\"\" data-vp-tiles-type=\"3|1,1|\" >\n\t<div class=\"vp-portfolio__preloader-wrap\">\n\t\t<div class=\"vp-portfolio__preloader\">\n\t\t\t<img decoding=\"async\" loading=\"eager\" src=\"https:\/\/gbrlcbrl.fr\/portfolio\/wp-content\/plugins\/visual-portfolio\/assets\/images\/logo-dark.svg\" alt=\"Visual Portfolio, Posts &amp; Image Gallery for WordPress\" width=\"20\" height=\"20\" data-skip-lazy>\n\t\t<\/div>\n\t<\/div>\n\t\t<div class=\"vp-portfolio__items-wrap\">\n\t\t\t\n<div class=\"vp-portfolio__items vp-portfolio__items-style-fade vp-portfolio__items-show-overlay-hover\">\n\n\t\t<div\t\tclass=\"vp-portfolio__item-wrap vp-portfolio__item-uid-31fc5af6\" data-vp-filter=\"\" style=\"--vp-images__object-position: 50% 50%;\" \t\t>\n\t\t\t\t\t\t\t\t\t<figure class=\"vp-portfolio__item\">\n\t\t\t\t\n<div class=\"vp-portfolio__item-img-wrap\">\n\t<div class=\"vp-portfolio__item-img\">\n\t\t\t<a\n\t\thref=\"https:\/\/www.melting-productions.fr\/\"\n\t\ttarget=\"_blank\" rel=\"noopener noreferrer\" \t>\n\t\n\t\t<noscript><img loading=\"lazy\" decoding=\"async\" width=\"200\" height=\"200\" data-skip-lazy src=\"https:\/\/gbrlcbrl.fr\/portfolio\/wp-content\/uploads\/2025\/11\/Melting-Prod.jpg\" class=\"wp-image-825\" alt=\"\" \/><\/noscript><img decoding=\"async\" width=\"200\" height=\"200\" src=\"data:image\/svg+xml;base64,PHN2ZyB3aWR0aD0iMjAwIiBoZWlnaHQ9IjIwMCIgdmlld0JveD0iMCAwIDIwMCAyMDAiIGZpbGw9Im5vbmUiIHhtbG5zPSJodHRwOi8vd3d3LnczLm9yZy8yMDAwL3N2ZyI+PC9zdmc+\" class=\"wp-image-825 vp-lazyload\" alt data-src=\"https:\/\/gbrlcbrl.fr\/portfolio\/wp-content\/uploads\/2025\/11\/Melting-Prod.jpg\" data-sizes=\"auto\" loading=\"eager\">\n\t\t<\/a>\t<\/div>\n<\/div>\n\t<figcaption class=\"vp-portfolio__item-overlay vp-portfolio__item-overlay-text-align-center\">\n\t\t<div class=\"vp-portfolio__item-meta-wrap vp-portfolio__custom-scrollbar\">\n\t\t\t\t<a\n\t\thref=\"https:\/\/www.melting-productions.fr\/\"\n\t\ttarget=\"_blank\" rel=\"noopener noreferrer\" tabindex=\"-1\" class=\"vp-portfolio__item-meta\" \t>\n\t\n<h2 class=\"vp-portfolio__item-meta-title\">\n\tMelting Prod<\/h2>\n<\/a>\t\t<\/div>\n\t<\/figcaption>\n\t\t\t<\/figure>\n\t\t\t\t\t<\/div>\n\t\t\n\t\t<div\t\tclass=\"vp-portfolio__item-wrap vp-portfolio__item-uid-602398a6\" data-vp-filter=\"\" style=\"--vp-images__object-position: 50% 50%;\" \t\t>\n\t\t\t\t\t\t\t\t\t<figure class=\"vp-portfolio__item\">\n\t\t\t\t\n<div class=\"vp-portfolio__item-img-wrap\">\n\t<div class=\"vp-portfolio__item-img\">\n\t\t\t<a\n\t\thref=\"https:\/\/www.monello.fr\/\"\n\t\ttarget=\"_blank\" rel=\"noopener noreferrer\" \t>\n\t\n\t\t<noscript><img loading=\"lazy\" decoding=\"async\" width=\"225\" height=\"225\" data-skip-lazy src=\"https:\/\/gbrlcbrl.fr\/portfolio\/wp-content\/uploads\/2025\/11\/Monello.jpg\" class=\"wp-image-823\" alt=\"\" \/><\/noscript><img fetchpriority=\"high\" decoding=\"async\" width=\"225\" height=\"225\" src=\"data:image\/svg+xml;base64,PHN2ZyB3aWR0aD0iMjI1IiBoZWlnaHQ9IjIyNSIgdmlld0JveD0iMCAwIDIyNSAyMjUiIGZpbGw9Im5vbmUiIHhtbG5zPSJodHRwOi8vd3d3LnczLm9yZy8yMDAwL3N2ZyI+PC9zdmc+\" class=\"wp-image-823 vp-lazyload\" alt data-src=\"https:\/\/gbrlcbrl.fr\/portfolio\/wp-content\/uploads\/2025\/11\/Monello.jpg\" data-sizes=\"auto\" loading=\"eager\">\n\t\t<\/a>\t<\/div>\n<\/div>\n\t<figcaption class=\"vp-portfolio__item-overlay vp-portfolio__item-overlay-text-align-center\">\n\t\t<div class=\"vp-portfolio__item-meta-wrap vp-portfolio__custom-scrollbar\">\n\t\t\t\t<a\n\t\thref=\"https:\/\/www.monello.fr\/\"\n\t\ttarget=\"_blank\" rel=\"noopener noreferrer\" tabindex=\"-1\" class=\"vp-portfolio__item-meta\" \t>\n\t\n<h2 class=\"vp-portfolio__item-meta-title\">\n\tMonello Productions<\/h2>\n<\/a>\t\t<\/div>\n\t<\/figcaption>\n\t\t\t<\/figure>\n\t\t\t\t\t<\/div>\n\t\t\n\t\t<div\t\tclass=\"vp-portfolio__item-wrap vp-portfolio__item-uid-53cba058\" data-vp-filter=\"\" style=\"--vp-images__object-position: 50% 50%;\" \t\t>\n\t\t\t\t\t\t\t\t\t<figure class=\"vp-portfolio__item\">\n\t\t\t\t\n<div class=\"vp-portfolio__item-img-wrap\">\n\t<div class=\"vp-portfolio__item-img\">\n\t\t\t<a\n\t\thref=\"https:\/\/cottonwood.tv\/\"\n\t\ttarget=\"_blank\" rel=\"noopener noreferrer\" \t>\n\t\n\t\t<noscript><img loading=\"lazy\" decoding=\"async\" width=\"300\" height=\"300\" data-skip-lazy src=\"https:\/\/gbrlcbrl.fr\/portfolio\/wp-content\/uploads\/2025\/11\/COTTONWOOD-MEDIA-LOGO-1.png\" class=\"wp-image-842\" alt=\"Cottowood Media\" \/><\/noscript><img decoding=\"async\" width=\"300\" height=\"300\" src=\"data:image\/svg+xml;base64,PHN2ZyB3aWR0aD0iMzAwIiBoZWlnaHQ9IjMwMCIgdmlld0JveD0iMCAwIDMwMCAzMDAiIGZpbGw9Im5vbmUiIHhtbG5zPSJodHRwOi8vd3d3LnczLm9yZy8yMDAwL3N2ZyI+PC9zdmc+\" class=\"wp-image-842 vp-lazyload\" alt=\"Cottowood Media\" data-src=\"https:\/\/gbrlcbrl.fr\/portfolio\/wp-content\/uploads\/2025\/11\/COTTONWOOD-MEDIA-LOGO-1.png\" data-sizes=\"auto\" loading=\"eager\">\n\t\t<\/a>\t<\/div>\n<\/div>\n\t<figcaption class=\"vp-portfolio__item-overlay vp-portfolio__item-overlay-text-align-center\">\n\t\t<div class=\"vp-portfolio__item-meta-wrap vp-portfolio__custom-scrollbar\">\n\t\t\t\t<a\n\t\thref=\"https:\/\/cottonwood.tv\/\"\n\t\ttarget=\"_blank\" rel=\"noopener noreferrer\" tabindex=\"-1\" class=\"vp-portfolio__item-meta\" \t>\n\t\n<h2 class=\"vp-portfolio__item-meta-title\">\n\tCottonwood Media<\/h2>\n<\/a>\t\t<\/div>\n\t<\/figcaption>\n\t\t\t<\/figure>\n\t\t\t\t\t<\/div>\n\t\t\n<\/div>\n\t\t<\/div>\n\t\t\n<\/div>\n<\/div>\n\n\n<p><\/p>\n<\/div>\n","protected":false},"excerpt":{"rendered":"","protected":false},"author":1,"featured_media":0,"parent":0,"menu_order":0,"comment_status":"closed","ping_status":"closed","template":"","meta":{"site-sidebar-layout":"default","site-content-layout":"","ast-site-content-layout":"default","site-content-style":"default","site-sidebar-style":"default","ast-global-header-display":"","ast-banner-title-visibility":"","ast-main-header-display":"","ast-hfb-above-header-display":"","ast-hfb-below-header-display":"","ast-hfb-mobile-header-display":"","site-post-title":"","ast-breadcrumbs-content":"","ast-featured-img":"","footer-sml-layout":"","theme-transparent-header-meta":"","adv-header-id-meta":"","stick-header-meta":"","header-above-stick-meta":"","header-main-stick-meta":"","header-below-stick-meta":"","astra-migrate-meta-layouts":"set","ast-page-background-enabled":"default","ast-page-background-meta":{"desktop":{"background-color":"var(--ast-global-color-4)","background-image":"","background-repeat":"repeat","background-position":"center center","background-size":"auto","background-attachment":"scroll","background-type":"","background-media":"","overlay-type":"","overlay-color":"","overlay-opacity":"","overlay-gradient":""},"tablet":{"background-color":"","background-image":"","background-repeat":"repeat","background-position":"center center","background-size":"auto","background-attachment":"scroll","background-type":"","background-media":"","overlay-type":"","overlay-color":"","overlay-opacity":"","overlay-gradient":""},"mobile":{"background-color":"","background-image":"","background-repeat":"repeat","background-position":"center center","background-size":"auto","background-attachment":"scroll","background-type":"","background-media":"","overlay-type":"","overlay-color":"","overlay-opacity":"","overlay-gradient":""}},"ast-content-background-meta":{"desktop":{"background-color":"var(--ast-global-color-5)","background-image":"","background-repeat":"repeat","background-position":"center center","background-size":"auto","background-attachment":"scroll","background-type":"","background-media":"","overlay-type":"","overlay-color":"","overlay-opacity":"","overlay-gradient":""},"tablet":{"background-color":"var(--ast-global-color-5)","background-image":"","background-repeat":"repeat","background-position":"center center","background-size":"auto","background-attachment":"scroll","background-type":"","background-media":"","overlay-type":"","overlay-color":"","overlay-opacity":"","overlay-gradient":""},"mobile":{"background-color":"var(--ast-global-color-5)","background-image":"","background-repeat":"repeat","background-position":"center center","background-size":"auto","background-attachment":"scroll","background-type":"","background-media":"","overlay-type":"","overlay-color":"","overlay-opacity":"","overlay-gradient":""}},"_vp_format_video_url":"","_vp_image_focal_point":[],"footnotes":""},"class_list":["post-14","page","type-page","status-publish","hentry"],"yoast_head":"<!-- This site is optimized with the Yoast SEO plugin v26.8 - https:\/\/yoast.com\/product\/yoast-seo-wordpress\/ -->\n<title>\u00c0 propos &#8211; Gabriel Cabrol<\/title>\n<meta name=\"description\" content=\"Hi ! I&#039;m a Paris-based Illustrator and Storyboard Artist working in the animation industry. I love storytelling, and this is my portfolio.\" \/>\n<meta name=\"robots\" content=\"index, follow, max-snippet:-1, max-image-preview:large, max-video-preview:-1\" \/>\n<link rel=\"canonical\" href=\"https:\/\/gbrlcbrl.fr\/portfolio\/cv-resume\/\" \/>\n<meta name=\"twitter:label1\" content=\"Dur\u00e9e de lecture estim\u00e9e\" \/>\n\t<meta name=\"twitter:data1\" content=\"1 minute\" \/>\n<script type=\"application\/ld+json\" class=\"yoast-schema-graph\">{\"@context\":\"https:\/\/schema.org\",\"@graph\":[{\"@type\":\"WebPage\",\"@id\":\"https:\/\/gbrlcbrl.fr\/portfolio\/cv-resume\/\",\"url\":\"https:\/\/gbrlcbrl.fr\/portfolio\/cv-resume\/\",\"name\":\"\u00c0 propos &#8211; Gabriel Cabrol\",\"isPartOf\":{\"@id\":\"https:\/\/gbrlcbrl.fr\/portfolio\/#website\"},\"primaryImageOfPage\":{\"@id\":\"https:\/\/gbrlcbrl.fr\/portfolio\/cv-resume\/#primaryimage\"},\"image\":{\"@id\":\"https:\/\/gbrlcbrl.fr\/portfolio\/cv-resume\/#primaryimage\"},\"thumbnailUrl\":\"https:\/\/gbrlcbrl.fr\/portfolio\/\/wp-content\/uploads\/2022\/09\/Avatar-icone-copie-1.png\",\"datePublished\":\"2022-09-20T13:56:24+00:00\",\"dateModified\":\"2025-11-01T17:01:42+00:00\",\"description\":\"Hi ! I'm a Paris-based Illustrator and Storyboard Artist working in the animation industry. I love storytelling, and this is my portfolio.\",\"breadcrumb\":{\"@id\":\"https:\/\/gbrlcbrl.fr\/portfolio\/cv-resume\/#breadcrumb\"},\"inLanguage\":\"fr-FR\",\"potentialAction\":[{\"@type\":\"ReadAction\",\"target\":[\"https:\/\/gbrlcbrl.fr\/portfolio\/cv-resume\/\"]}]},{\"@type\":\"ImageObject\",\"inLanguage\":\"fr-FR\",\"@id\":\"https:\/\/gbrlcbrl.fr\/portfolio\/cv-resume\/#primaryimage\",\"url\":\"https:\/\/gbrlcbrl.fr\/portfolio\/\/wp-content\/uploads\/2022\/09\/Avatar-icone-copie-1.png\",\"contentUrl\":\"https:\/\/gbrlcbrl.fr\/portfolio\/\/wp-content\/uploads\/2022\/09\/Avatar-icone-copie-1.png\"},{\"@type\":\"BreadcrumbList\",\"@id\":\"https:\/\/gbrlcbrl.fr\/portfolio\/cv-resume\/#breadcrumb\",\"itemListElement\":[{\"@type\":\"ListItem\",\"position\":1,\"name\":\"Accueil\",\"item\":\"https:\/\/gbrlcbrl.fr\/portfolio\/\"},{\"@type\":\"ListItem\",\"position\":2,\"name\":\"\u00c0 propos\"}]},{\"@type\":\"WebSite\",\"@id\":\"https:\/\/gbrlcbrl.fr\/portfolio\/#website\",\"url\":\"https:\/\/gbrlcbrl.fr\/portfolio\/\",\"name\":\"Gabriel Cabrol\",\"description\":\"Story artist, illustrator &amp; character designer\",\"publisher\":{\"@id\":\"https:\/\/gbrlcbrl.fr\/portfolio\/#organization\"},\"potentialAction\":[{\"@type\":\"SearchAction\",\"target\":{\"@type\":\"EntryPoint\",\"urlTemplate\":\"https:\/\/gbrlcbrl.fr\/portfolio\/?s={search_term_string}\"},\"query-input\":{\"@type\":\"PropertyValueSpecification\",\"valueRequired\":true,\"valueName\":\"search_term_string\"}}],\"inLanguage\":\"fr-FR\"},{\"@type\":\"Organization\",\"@id\":\"https:\/\/gbrlcbrl.fr\/portfolio\/#organization\",\"name\":\"Gabriel Cabrol\",\"url\":\"https:\/\/gbrlcbrl.fr\/portfolio\/\",\"logo\":{\"@type\":\"ImageObject\",\"inLanguage\":\"fr-FR\",\"@id\":\"https:\/\/gbrlcbrl.fr\/portfolio\/#\/schema\/logo\/image\/\",\"url\":\"https:\/\/gbrlcbrl.fr\/portfolio\/wp-content\/uploads\/2022\/09\/Dessin-89pxsitecrop-sansligne.gif\",\"contentUrl\":\"https:\/\/gbrlcbrl.fr\/portfolio\/wp-content\/uploads\/2022\/09\/Dessin-89pxsitecrop-sansligne.gif\",\"width\":89,\"height\":74,\"caption\":\"Gabriel Cabrol\"},\"image\":{\"@id\":\"https:\/\/gbrlcbrl.fr\/portfolio\/#\/schema\/logo\/image\/\"},\"sameAs\":[\"https:\/\/x.com\/MrKelsius\",\"https:\/\/www.instagram.com\/kelsius_\/\",\"https:\/\/www.linkedin.com\/in\/gbrlcbrl\/\"]}]}<\/script>\n<!-- \/ Yoast SEO plugin. -->","yoast_head_json":{"title":"\u00c0 propos &#8211; Gabriel Cabrol","description":"Hi ! I'm a Paris-based Illustrator and Storyboard Artist working in the animation industry. I love storytelling, and this is my portfolio.","robots":{"index":"index","follow":"follow","max-snippet":"max-snippet:-1","max-image-preview":"max-image-preview:large","max-video-preview":"max-video-preview:-1"},"canonical":"https:\/\/gbrlcbrl.fr\/portfolio\/cv-resume\/","twitter_misc":{"Dur\u00e9e de lecture estim\u00e9e":"1 minute"},"schema":{"@context":"https:\/\/schema.org","@graph":[{"@type":"WebPage","@id":"https:\/\/gbrlcbrl.fr\/portfolio\/cv-resume\/","url":"https:\/\/gbrlcbrl.fr\/portfolio\/cv-resume\/","name":"\u00c0 propos &#8211; Gabriel Cabrol","isPartOf":{"@id":"https:\/\/gbrlcbrl.fr\/portfolio\/#website"},"primaryImageOfPage":{"@id":"https:\/\/gbrlcbrl.fr\/portfolio\/cv-resume\/#primaryimage"},"image":{"@id":"https:\/\/gbrlcbrl.fr\/portfolio\/cv-resume\/#primaryimage"},"thumbnailUrl":"https:\/\/gbrlcbrl.fr\/portfolio\/\/wp-content\/uploads\/2022\/09\/Avatar-icone-copie-1.png","datePublished":"2022-09-20T13:56:24+00:00","dateModified":"2025-11-01T17:01:42+00:00","description":"Hi ! I'm a Paris-based Illustrator and Storyboard Artist working in the animation industry. I love storytelling, and this is my portfolio.","breadcrumb":{"@id":"https:\/\/gbrlcbrl.fr\/portfolio\/cv-resume\/#breadcrumb"},"inLanguage":"fr-FR","potentialAction":[{"@type":"ReadAction","target":["https:\/\/gbrlcbrl.fr\/portfolio\/cv-resume\/"]}]},{"@type":"ImageObject","inLanguage":"fr-FR","@id":"https:\/\/gbrlcbrl.fr\/portfolio\/cv-resume\/#primaryimage","url":"https:\/\/gbrlcbrl.fr\/portfolio\/\/wp-content\/uploads\/2022\/09\/Avatar-icone-copie-1.png","contentUrl":"https:\/\/gbrlcbrl.fr\/portfolio\/\/wp-content\/uploads\/2022\/09\/Avatar-icone-copie-1.png"},{"@type":"BreadcrumbList","@id":"https:\/\/gbrlcbrl.fr\/portfolio\/cv-resume\/#breadcrumb","itemListElement":[{"@type":"ListItem","position":1,"name":"Accueil","item":"https:\/\/gbrlcbrl.fr\/portfolio\/"},{"@type":"ListItem","position":2,"name":"\u00c0 propos"}]},{"@type":"WebSite","@id":"https:\/\/gbrlcbrl.fr\/portfolio\/#website","url":"https:\/\/gbrlcbrl.fr\/portfolio\/","name":"Gabriel Cabrol","description":"Story artist, illustrator &amp; character designer","publisher":{"@id":"https:\/\/gbrlcbrl.fr\/portfolio\/#organization"},"potentialAction":[{"@type":"SearchAction","target":{"@type":"EntryPoint","urlTemplate":"https:\/\/gbrlcbrl.fr\/portfolio\/?s={search_term_string}"},"query-input":{"@type":"PropertyValueSpecification","valueRequired":true,"valueName":"search_term_string"}}],"inLanguage":"fr-FR"},{"@type":"Organization","@id":"https:\/\/gbrlcbrl.fr\/portfolio\/#organization","name":"Gabriel Cabrol","url":"https:\/\/gbrlcbrl.fr\/portfolio\/","logo":{"@type":"ImageObject","inLanguage":"fr-FR","@id":"https:\/\/gbrlcbrl.fr\/portfolio\/#\/schema\/logo\/image\/","url":"https:\/\/gbrlcbrl.fr\/portfolio\/wp-content\/uploads\/2022\/09\/Dessin-89pxsitecrop-sansligne.gif","contentUrl":"https:\/\/gbrlcbrl.fr\/portfolio\/wp-content\/uploads\/2022\/09\/Dessin-89pxsitecrop-sansligne.gif","width":89,"height":74,"caption":"Gabriel Cabrol"},"image":{"@id":"https:\/\/gbrlcbrl.fr\/portfolio\/#\/schema\/logo\/image\/"},"sameAs":["https:\/\/x.com\/MrKelsius","https:\/\/www.instagram.com\/kelsius_\/","https:\/\/www.linkedin.com\/in\/gbrlcbrl\/"]}]}},"_links":{"self":[{"href":"https:\/\/gbrlcbrl.fr\/portfolio\/wp-json\/wp\/v2\/pages\/14","targetHints":{"allow":["GET"]}}],"collection":[{"href":"https:\/\/gbrlcbrl.fr\/portfolio\/wp-json\/wp\/v2\/pages"}],"about":[{"href":"https:\/\/gbrlcbrl.fr\/portfolio\/wp-json\/wp\/v2\/types\/page"}],"author":[{"embeddable":true,"href":"https:\/\/gbrlcbrl.fr\/portfolio\/wp-json\/wp\/v2\/users\/1"}],"replies":[{"embeddable":true,"href":"https:\/\/gbrlcbrl.fr\/portfolio\/wp-json\/wp\/v2\/comments?post=14"}],"version-history":[{"count":0,"href":"https:\/\/gbrlcbrl.fr\/portfolio\/wp-json\/wp\/v2\/pages\/14\/revisions"}],"wp:attachment":[{"href":"https:\/\/gbrlcbrl.fr\/portfolio\/wp-json\/wp\/v2\/media?parent=14"}],"curies":[{"name":"wp","href":"https:\/\/api.w.org\/{rel}","templated":true}]}}